{"id":183,"date":"2019-07-22T14:45:09","date_gmt":"2019-07-22T13:45:09","guid":{"rendered":"https:\/\/www.slo-grca.si\/cookie-policy\/"},"modified":"2020-04-28T13:46:42","modified_gmt":"2020-04-28T12:46:42","slug":"politika-piskotkov","status":"publish","type":"page","link":"https:\/\/www.slo-grca.si\/en\/politika-piskotkov\/","title":{"rendered":"Cookie policy"},"content":{"rendered":"\n\t<h1>POLITIKA PI\u0160KOTKOV<\/h1>\n<p>Pi\u0161kotki so majhne besedilne datoteke, ki jih ve\u010dina spletnih mest shrani v naprave uporabnikov in so namenjena shranjevanju internetnih nastavitev. Namen pi\u0161kotkov je prepoznavanje posameznih naprav, ki so jih uporabniki uporabili pri dostopu do spletnega mesta.\u00a0 To omogo\u010da spletnim mestom, da prepoznajo ali jih je uporabnik \u017ee predhodno obiskal in v nekaterih primerih temu prilagodijo prikazano vsebino. Njihovo shranjevanje je pod popolnim nadzorom spletnega brskalnika, ki ga uporablja posamezen uporabnik, kar pomeni, da lahko vsak uporabnik za shranjevanje pi\u0161kotkov po \u017eelji omeji ali pa popolnoma onemogo\u010di.<\/p>\n<p><b><strong>Zakaj so pi\u0161kotki potrebni?<\/strong><\/b><\/p>\n<p>Pi\u0161kotki so temeljnega pomena za zagotavljanje uporabniku prijaznih spletnih storitev. Najpogostej\u0161e funkcije e-poslovanja ne bi bile mogo\u010de brez pi\u0161kotkov. Interakcija med spletnim uporabnikom in spletno stranjo je s pomo\u010djo pi\u0161kotkov hitrej\u0161a in enostavnej\u0161a. Z njihovo pomo\u010djo si spletna stran zapomni posameznikove preference in izku\u0161nje, s tem je prihranjen \u010das, brskanje po spletnih straneh pa je bolj u\u010dinkovito in prijetno. Pi\u0161kotke uporablja ve\u010dina spletnih strani, saj so priro\u010dno sredstvo za ohranjanje sve\u017ee in primerne vsebine, ki je v skladu z interesi in preferencami posameznega spletnega uporabnika.<\/p>\n<p>Spletne strani uporabljajo razli\u010dne tipe pi\u0161kotkov.<\/p>\n<p><b><strong>Obvezni pi\u0161kotki\u00a0<\/strong><\/b><\/p>\n<p>Ti pi\u0161kotki so vedno omogo\u010deni in so nujni za osnovno delovanje spletne strani. Brez teh pi\u0161kotkov spletne strani ne delujejo pravilno. V skladu s tem posebej ne vpra\u0161amo za dovoljenje za uporabo teh pi\u0161kotkov.<\/p>\n<p>Torej pi\u0161kotki, ki si vas zapomnijo, da boste lahko nemoteno brskali po spletnih straneh. V to skupino sodijo pi\u0161kotki, ki so uporabljeni za to, da si spletno mesto zapomni va\u0161 vnos v spletne obrazce itd. Obvezni so, saj med drugim zagotavljajo varnost in tako prepre\u010dujejo zlorabe sistemov.<\/p>\n<b><strong><br \/>\nFunkcionalni in analiti\u010dni pi\u0161kotki<\/strong><\/b>\n<p>Funkcionalni pi\u0161kotki so pi\u0161kotki, ki izbolj\u0161ajo uporabni\u0161ko izku\u0161njo na spletnih straneh, dovoljenje za uporabo teh pi\u0161kotkov pa se pridobi z uporabo oz. strinjanjem. Analiti\u010dni pi\u0161kotki \u00a0nam omogo\u010dajo, da z uporabo anonimnega sledenja izbolj\u0161amo funkcionalnost strani, zagotavljanje bolj personalizirane izku\u0161nje na na\u0161i spletni strani in za shranjevanje va\u0161ih odlo\u010ditev ob uporabi na\u0161e spletne strani. Ti pi\u0161kotki za sledenje omogo\u010dajo analizo obiskov in pregledane vsebine. Ti pi\u0161kotki so anonimni in ne omogo\u010dajo sledenja specifi\u010dno identificiranih uporabnikov. Prav tako nam omogo\u010dajo, da la\u017eje identificiramo produkte, ki bi bili za vas zanimivi. V nekaterih primerih je prednost teh pi\u0161kotkov izbolj\u0161anje hitrosti za obdelovanje va\u0161ih zahtev, zaznavanje in shranjevanje va\u0161ih nastavitev ter pomo\u010d pri povezavi s socialnimi omre\u017eji. \u010ce teh pi\u0161kotkov ne boste izbrali, se to lahko odra\u017ea v slab\u0161e oblikovanih priporo\u010dilih.<\/p>\n<p><b><strong>Upravljanje in brisanje pi\u0161kotkov<\/strong><\/b><\/p>\n<p>Nekateri uporabniki pi\u0161kotkov ne \u017eelijo uporabljati, zato ve\u010dina spletnih brskalnikov omogo\u010da upravljanje s pi\u0161kotki, kot ustreza posameznemu uporabniku.<\/p>\n<p>Da bi si zagotovili natan\u010dnej\u0161i nadzor nad lastno zasebnostjo v nekaterih brskalnikih pravila za upravljanje s pi\u0161kotki lahko nastavite lo\u010deno za vsako posamezno spletno mesto. Tako lahko pi\u0161kotke z nepoznanih spletnih mest blokirate, omogo\u010dite pa delovanje pi\u0161kotkom s spletnih strani, ki jim zaupate.\u00a0 Pri tem vas moramo opozoriti, da stran deluje optimalno le, \u010de so pi\u0161kotki v va\u0161em brskalniku oz. na na\u0161ih spletnih straneh omogo\u010deni. \u010ceprav boste pi\u0161kotke onemogo\u010dili, to ne bo vplivalo na nujne pi\u0161kotke, ki se bodo kljub va\u0161i odlo\u010ditvi skladno z Zakonom o elektronskih komunikacijah Republike Slovenije (ZEKom-1) \u0161e naprej nalagali.<\/p>\n<b><strong><br \/>\nKatere pi\u0161kotke vsebuje spletno mesto slo-grca.si?\u00a0<\/strong><\/b>\n<p><strong>Leseni pohi\u0161tveni deli Gr\u010da Ljubljana<\/strong> s pomo\u010djo pi\u0161kotkov zagotavlja bolj\u0161e ter uporabniku bolj prijazno in osebno prilagojeno delovanje in prikazovanje spletnega mesta, obenem pa mu pi\u0161kotki pomagajo pri analizi uporabnikov, bele\u017eenju obiska (statisti\u010dni nameni) ter za bolj u\u010dinkovito ogla\u0161evanje. Nobeni pi\u0161kotki, ki jih uporabljamo na svojih spletnih mestih, ne zbirajo podatkov,\u00a0 s katerimi bi vas bilo mogo\u010de osebno prepoznati. Podatki se uporabljajo samo za namene analize podjetja <strong>Leseni pohi\u0161tveni deli Gr\u010da Ljubljana.<\/strong><\/p>\n<p>Z nadaljnjo uporabo te spletne strani se strinjate z na\u0161o politiko pi\u0161kotkov. Nastavitve pi\u0161kotkov lahko kadarkoli spremenite.<\/p>\n<p>Na\u0161e spletne strani in aplikacije uporabljajo naslednje pi\u0161kotke:<\/p>\n<p>Neinvazivni pi\u0161kotki, nujni za delovanje spletne strani :<\/p>\n&#8211; wp-settings<br \/>\n&#8211; wp-settings-time<br \/>\n&#8211; wordpress_logged_in<br \/>\n&#8211; wordpress_sec_ ali wordpress_test_cookie<br \/>\n&#8211; moove_gdpr_popup\n<p>Invazivni pi\u0161kotki, ki se uporabijo po privolitvi:<\/p>\n<p>&#8211; Google Analytics<\/p>\n<p>&nbsp;<\/p>\n<p><!--Table head--><!--Table body--><\/p>\n<table id=\"tableCookiesForWebsite\">\n<thead>\n<tr>\n<th>#<\/th>\n<th>VIR<\/th>\n<th>PI\u0160KOTEK<\/th>\n<th>OPIS PI\u0160KOTKA<\/th>\n<th>POTEK<\/th>\n<\/tr>\n<\/thead>\n<tbody>\n<tr>\n<th scope=\"row\">1<\/th>\n<td>WordPress<\/td>\n<td>wp-settings-<\/td>\n<td>WordPress nastavi nekaj wp-settings-[UID] pi\u0161kotkov. \u0160tevilka na koncu je uporabnikova identifikacijska \u0161tevilka, ki se nahaja v users tabeli baze podatkov. Pi\u0161kotek se uporablja za prilagoditev pogleda skrbni\u0161kega vmesnika in izgleda spletne strani.<\/td>\n<td>Po 1. letu<\/td>\n<\/tr>\n<tr>\n<th scope=\"row\">2<\/th>\n<td>WordPress<\/td>\n<td>wp-settings-time<\/td>\n<td>WordPress nastavi nekaj wp-settings-[UID] pi\u0161kotkov. \u0160tevilka na koncu je uporabnikova identifikacijska \u0161tevilka, ki se nahaja v users tabeli baze podatkov. Pi\u0161kotek se uporablja za prilagoditev pogleda skrbni\u0161kega vmesnika in izgleda spletne strani.<\/td>\n<td>Po 1. letu<\/td>\n<\/tr>\n<tr>\n<th scope=\"row\">3<\/th>\n<td>WordPress<\/td>\n<td>wordpress_logged_in_<\/td>\n<td>WordPress uporablja ta pi\u0161kotek, da preverja kdo je prijavljen v sistem.<\/td>\n<td>Po kon\u010dani seji brskanja.<\/td>\n<\/tr>\n<tr>\n<th scope=\"row\">4<\/th>\n<td>WordPress<\/td>\n<td>wordpress_sec_\u00a0 ali\u00a0 wordpress_test_cookie<\/td>\n<td>WordPress uporablja ta dva pi\u0161kotka za preverjanje obstoja pi\u0161kotov oziroma za preverjanje, \u010de brskalnik omogo\u010da shranjevanje pi\u0161kotkov.<\/td>\n<td>Po kon\u010dani seji brskanja.<\/td>\n<\/tr>\n<tr>\n<th scope=\"row\">5<\/th>\n<td>Google Analytics<\/td>\n<td>_ga<\/td>\n<td>Uporablja se za sledenje interakcijam uporabnikov s spletno stranjo.<\/td>\n<td>Po 2. leth<\/td>\n<\/tr>\n<tr>\n<th scope=\"row\">5<\/th>\n<td>Moove GDPR popup<\/td>\n<td>moove_gdpr_popup<\/td>\n<td>Zapomni si nastavitve za pi\u0161kotke, ki jih izberete.<\/td>\n<td>Po 1. letu<\/td>\n<\/tr>\n<\/tbody>\n<\/table>\n<p>&nbsp;<\/p>\n<p>Zavezujemo se, da lastnih pi\u0161kotkov ne bomo posredovali tretjim osebam. Pi\u0161kotke lahko izbri\u0161ete ali onemogo\u010dite z nastavitvami v va\u0161em brskalniku. Navodila se nahajajo spodaj.\u00a0 V primeru, da boste onemogo\u010dili pi\u0161kotke, vam nekatere spletne strani morda ne bodo delovale pravilno.<\/p>\n<p>Upravljalec pi\u0161kotkov: <strong>Acenta.si<\/strong><\/p>\n<p>&nbsp;<\/p>\n<p><b><strong>Navodila za urejanje in brisanje pi\u0161kotkov v brskalniku:<\/strong><\/b><\/p>\n<p>&nbsp;<\/p>\n<p><u><a href=\"https:\/\/support.google.com\/chrome\/answer\/95647?hl=sl\">Google Chrome<\/a><\/u><\/p>\n<p><a href=\"https:\/\/support.microsoft.com\/en-us\/help\/17442\/windows-internet-explorer-delete-manage-cookies#ie=ie-10\">Internet Explorer<\/a><\/p>\n<p><a href=\"https:\/\/www.wikihow.com\/Delete-Cookies-Using-the-Safari-Web-Browser\">Safari<\/a><\/p>\n<p><a href=\"https:\/\/support.mozilla.org\/sl\/kb\/izbrisite-piskotke-podatke-strani\">Firefox<\/a><\/p>\n<p><a href=\"https:\/\/help.opera.com\/en\/latest\/\">Opera<\/a><\/p>\n","protected":false},"excerpt":{"rendered":"<p>POLITIKA PI\u0160KOTKOV Pi\u0161kotki so majhne besedilne datoteke, ki jih ve\u010dina spletnih mest shrani v naprave uporabnikov in so namenjena shranjevanju internetnih nastavitev. Namen pi\u0161kotkov je prepoznavanje posameznih naprav, ki so jih uporabniki uporabili pri dostopu do spletnega mesta.\u00a0 To omogo\u010da spletnim mestom, da prepoznajo ali jih je uporabnik \u017ee predhodno obiskal in v nekaterih primerih&hellip;<\/p>\n","protected":false},"author":1,"featured_media":0,"parent":0,"menu_order":0,"comment_status":"closed","ping_status":"closed","template":"","meta":[],"yoast_head":"<!-- This site is optimized with the Yoast SEO plugin v19.7.2 - https:\/\/yoast.com\/wordpress\/plugins\/seo\/ -->\n<title>Cookie policy - WOODEN FURNITURE COMPONENTS GR\u010cA<\/title>\n<meta name=\"robots\" content=\"index, follow, max-snippet:-1, max-image-preview:large, max-video-preview:-1\" \/>\n<link rel=\"canonical\" href=\"https:\/\/www.slo-grca.si\/en\/politika-piskotkov\/\" \/>\n<meta property=\"og:locale\" content=\"en_US\" \/>\n<meta property=\"og:type\" content=\"article\" \/>\n<meta property=\"og:title\" content=\"Cookie policy - WOODEN FURNITURE COMPONENTS GR\u010cA\" \/>\n<meta property=\"og:description\" content=\"POLITIKA PI\u0160KOTKOV Pi\u0161kotki so majhne besedilne datoteke, ki jih ve\u010dina spletnih mest shrani v naprave uporabnikov in so namenjena shranjevanju internetnih nastavitev. Namen pi\u0161kotkov je prepoznavanje posameznih naprav, ki so jih uporabniki uporabili pri dostopu do spletnega mesta.\u00a0 To omogo\u010da spletnim mestom, da prepoznajo ali jih je uporabnik \u017ee predhodno obiskal in v nekaterih primerih&hellip;\" \/>\n<meta property=\"og:url\" content=\"https:\/\/www.slo-grca.si\/en\/politika-piskotkov\/\" \/>\n<meta property=\"og:site_name\" content=\"WOODEN FURNITURE COMPONENTS GR\u010cA\" \/>\n<meta property=\"article:modified_time\" content=\"2020-04-28T12:46:42+00:00\" \/>\n<meta name=\"twitter:card\" content=\"summary_large_image\" \/>\n<meta name=\"twitter:label1\" content=\"Est. reading time\" \/>\n\t<meta name=\"twitter:data1\" content=\"5 minutes\" \/>\n<script type=\"application\/ld+json\" class=\"yoast-schema-graph\">{\"@context\":\"https:\/\/schema.org\",\"@graph\":[{\"@type\":\"WebPage\",\"@id\":\"https:\/\/www.slo-grca.si\/en\/politika-piskotkov\/\",\"url\":\"https:\/\/www.slo-grca.si\/en\/politika-piskotkov\/\",\"name\":\"Cookie policy - WOODEN FURNITURE COMPONENTS GR\u010cA\",\"isPartOf\":{\"@id\":\"https:\/\/www.slo-grca.si\/en\/#website\"},\"datePublished\":\"2019-07-22T13:45:09+00:00\",\"dateModified\":\"2020-04-28T12:46:42+00:00\",\"breadcrumb\":{\"@id\":\"https:\/\/www.slo-grca.si\/en\/politika-piskotkov\/#breadcrumb\"},\"inLanguage\":\"en-US\",\"potentialAction\":[{\"@type\":\"ReadAction\",\"target\":[\"https:\/\/www.slo-grca.si\/en\/politika-piskotkov\/\"]}]},{\"@type\":\"BreadcrumbList\",\"@id\":\"https:\/\/www.slo-grca.si\/en\/politika-piskotkov\/#breadcrumb\",\"itemListElement\":[{\"@type\":\"ListItem\",\"position\":1,\"name\":\"Home\",\"item\":\"https:\/\/www.slo-grca.si\/en\/\"},{\"@type\":\"ListItem\",\"position\":2,\"name\":\"Cookie policy\"}]},{\"@type\":\"WebSite\",\"@id\":\"https:\/\/www.slo-grca.si\/en\/#website\",\"url\":\"https:\/\/www.slo-grca.si\/en\/\",\"name\":\"WOODEN FURNITURE COMPONENTS GR\u010cA\",\"description\":\"\",\"potentialAction\":[{\"@type\":\"SearchAction\",\"target\":{\"@type\":\"EntryPoint\",\"urlTemplate\":\"https:\/\/www.slo-grca.si\/en\/?s={search_term_string}\"},\"query-input\":\"required name=search_term_string\"}],\"inLanguage\":\"en-US\"}]}<\/script>\n<!-- \/ Yoast SEO plugin. -->","yoast_head_json":{"title":"Cookie policy - WOODEN FURNITURE COMPONENTS GR\u010cA","robots":{"index":"index","follow":"follow","max-snippet":"max-snippet:-1","max-image-preview":"max-image-preview:large","max-video-preview":"max-video-preview:-1"},"canonical":"https:\/\/www.slo-grca.si\/en\/politika-piskotkov\/","og_locale":"en_US","og_type":"article","og_title":"Cookie policy - WOODEN FURNITURE COMPONENTS GR\u010cA","og_description":"POLITIKA PI\u0160KOTKOV Pi\u0161kotki so majhne besedilne datoteke, ki jih ve\u010dina spletnih mest shrani v naprave uporabnikov in so namenjena shranjevanju internetnih nastavitev. Namen pi\u0161kotkov je prepoznavanje posameznih naprav, ki so jih uporabniki uporabili pri dostopu do spletnega mesta.\u00a0 To omogo\u010da spletnim mestom, da prepoznajo ali jih je uporabnik \u017ee predhodno obiskal in v nekaterih primerih&hellip;","og_url":"https:\/\/www.slo-grca.si\/en\/politika-piskotkov\/","og_site_name":"WOODEN FURNITURE COMPONENTS GR\u010cA","article_modified_time":"2020-04-28T12:46:42+00:00","twitter_card":"summary_large_image","twitter_misc":{"Est. reading time":"5 minutes"},"schema":{"@context":"https:\/\/schema.org","@graph":[{"@type":"WebPage","@id":"https:\/\/www.slo-grca.si\/en\/politika-piskotkov\/","url":"https:\/\/www.slo-grca.si\/en\/politika-piskotkov\/","name":"Cookie policy - WOODEN FURNITURE COMPONENTS GR\u010cA","isPartOf":{"@id":"https:\/\/www.slo-grca.si\/en\/#website"},"datePublished":"2019-07-22T13:45:09+00:00","dateModified":"2020-04-28T12:46:42+00:00","breadcrumb":{"@id":"https:\/\/www.slo-grca.si\/en\/politika-piskotkov\/#breadcrumb"},"inLanguage":"en-US","potentialAction":[{"@type":"ReadAction","target":["https:\/\/www.slo-grca.si\/en\/politika-piskotkov\/"]}]},{"@type":"BreadcrumbList","@id":"https:\/\/www.slo-grca.si\/en\/politika-piskotkov\/#breadcrumb","itemListElement":[{"@type":"ListItem","position":1,"name":"Home","item":"https:\/\/www.slo-grca.si\/en\/"},{"@type":"ListItem","position":2,"name":"Cookie policy"}]},{"@type":"WebSite","@id":"https:\/\/www.slo-grca.si\/en\/#website","url":"https:\/\/www.slo-grca.si\/en\/","name":"WOODEN FURNITURE COMPONENTS GR\u010cA","description":"","potentialAction":[{"@type":"SearchAction","target":{"@type":"EntryPoint","urlTemplate":"https:\/\/www.slo-grca.si\/en\/?s={search_term_string}"},"query-input":"required name=search_term_string"}],"inLanguage":"en-US"}]}},"_links":{"self":[{"href":"https:\/\/www.slo-grca.si\/en\/wp-json\/wp\/v2\/pages\/183"}],"collection":[{"href":"https:\/\/www.slo-grca.si\/en\/wp-json\/wp\/v2\/pages"}],"about":[{"href":"https:\/\/www.slo-grca.si\/en\/wp-json\/wp\/v2\/types\/page"}],"author":[{"embeddable":true,"href":"https:\/\/www.slo-grca.si\/en\/wp-json\/wp\/v2\/users\/1"}],"replies":[{"embeddable":true,"href":"https:\/\/www.slo-grca.si\/en\/wp-json\/wp\/v2\/comments?post=183"}],"version-history":[{"count":2,"href":"https:\/\/www.slo-grca.si\/en\/wp-json\/wp\/v2\/pages\/183\/revisions"}],"predecessor-version":[{"id":261,"href":"https:\/\/www.slo-grca.si\/en\/wp-json\/wp\/v2\/pages\/183\/revisions\/261"}],"wp:attachment":[{"href":"https:\/\/www.slo-grca.si\/en\/wp-json\/wp\/v2\/media?parent=183"}],"curies":[{"name":"wp","href":"https:\/\/api.w.org\/{rel}","templated":true}]}}