{"id":188,"date":"2019-08-10T17:43:18","date_gmt":"2019-08-10T16:43:18","guid":{"rendered":"https:\/\/www.slo-grca.si\/about-us\/"},"modified":"2020-04-28T14:03:15","modified_gmt":"2020-04-28T13:03:15","slug":"o-nas","status":"publish","type":"page","link":"https:\/\/www.slo-grca.si\/en\/o-nas\/","title":{"rendered":"About us"},"content":{"rendered":"<h2>\n\t\tAbout us\n\t<\/h2>\n<h3>\n\t\tO NAS\n\t<\/h3>\n\t<h3>Wooden feet and legs, Wooden furniture components Gr\u010da<\/h3>\n<p>Family company Gabrov\u0161ek Gr\u010da d.o.o. was established in 1994 with the purpose of reviving solid and quality built parts of furniture and currently employs 11 workers.<\/p>\n<p><strong>The company is specialized in production of furniture components such as wooden legs for sofa facings, chairs and tables.<\/strong><\/p>\n<h3><strong>Vision of the company<\/strong><\/h3>\n<p>Our ambition is to use natural sources &#8211; various types of wood which grow in Central Europe such as Walnut, Oak, Beech, Maple and Ash. To improve our production we are always using advanced machinery which enable us to meet customer&#8217;s requirements regarding shape and surface treatment. The company is also aware that quality of our products is not sufficient for our customers. The JUST IN TIME deliveries and short production time is as important as quality for majority of our customers.<\/p>\n\t\t\t\t<img loading=\"lazy\" src=\"https:\/\/www.slo-grca.si\/wp-content\/uploads\/2019\/08\/ffe7a472-15ab-431d-9865-175445fda69b.jpg\" alt=\"ffe7a472-15ab-431d-9865-175445fda69b\" itemprop=\"image\" height=\"750\" width=\"1000\" title=\"ffe7a472-15ab-431d-9865-175445fda69b\" onerror=\"this.style.display='none'\"  \/>\n\t\t<h2>Contact \/ Inquiry<\/h2>\n\t\t<p>Send us a message and we&#8217;ll reply as soon as possible!<\/p>\n\t\t\t<a href=\"https:\/\/www.slo-grca.si\/en\/kontakt\/\" target=\"_self\" role=\"button\" rel=\"noopener noreferrer\">\n\t\t\t\t\t\t\tCONTACT\n\t\t\t\t\t<\/a>\n","protected":false},"excerpt":{"rendered":"<p>About us O NAS Wooden feet and legs, Wooden furniture components Gr\u010da Family company Gabrov\u0161ek Gr\u010da d.o.o. was established in 1994 with the purpose of reviving solid and quality built parts of furniture and currently employs 11 workers. The company is specialized in production of furniture components such as wooden legs for sofa facings, chairs&hellip;<\/p>\n","protected":false},"author":1,"featured_media":0,"parent":0,"menu_order":0,"comment_status":"closed","ping_status":"closed","template":"","meta":[],"yoast_head":"<!-- This site is optimized with the Yoast SEO plugin v19.7.2 - https:\/\/yoast.com\/wordpress\/plugins\/seo\/ -->\n<title>About us - WOODEN FURNITURE COMPONENTS GR\u010cA<\/title>\n<meta name=\"robots\" content=\"index, follow, max-snippet:-1, max-image-preview:large, max-video-preview:-1\" \/>\n<link rel=\"canonical\" href=\"https:\/\/www.slo-grca.si\/en\/o-nas\/\" \/>\n<meta property=\"og:locale\" content=\"en_US\" \/>\n<meta property=\"og:type\" content=\"article\" \/>\n<meta property=\"og:title\" content=\"About us - WOODEN FURNITURE COMPONENTS GR\u010cA\" \/>\n<meta property=\"og:description\" content=\"About us O NAS Wooden feet and legs, Wooden furniture components Gr\u010da Family company Gabrov\u0161ek Gr\u010da d.o.o. was established in 1994 with the purpose of reviving solid and quality built parts of furniture and currently employs 11 workers. The company is specialized in production of furniture components such as wooden legs for sofa facings, chairs&hellip;\" \/>\n<meta property=\"og:url\" content=\"https:\/\/www.slo-grca.si\/en\/o-nas\/\" \/>\n<meta property=\"og:site_name\" content=\"WOODEN FURNITURE COMPONENTS GR\u010cA\" \/>\n<meta property=\"article:modified_time\" content=\"2020-04-28T13:03:15+00:00\" \/>\n<meta property=\"og:image\" content=\"https:\/\/www.slo-grca.si\/wp-content\/uploads\/2019\/08\/ffe7a472-15ab-431d-9865-175445fda69b.jpg\" \/>\n<meta name=\"twitter:card\" content=\"summary_large_image\" \/>\n<meta name=\"twitter:label1\" content=\"Est. reading time\" \/>\n\t<meta name=\"twitter:data1\" content=\"1 minute\" \/>\n<script type=\"application\/ld+json\" class=\"yoast-schema-graph\">{\"@context\":\"https:\/\/schema.org\",\"@graph\":[{\"@type\":\"WebPage\",\"@id\":\"https:\/\/www.slo-grca.si\/en\/o-nas\/\",\"url\":\"https:\/\/www.slo-grca.si\/en\/o-nas\/\",\"name\":\"About us - WOODEN FURNITURE COMPONENTS GR\u010cA\",\"isPartOf\":{\"@id\":\"https:\/\/www.slo-grca.si\/en\/#website\"},\"datePublished\":\"2019-08-10T16:43:18+00:00\",\"dateModified\":\"2020-04-28T13:03:15+00:00\",\"breadcrumb\":{\"@id\":\"https:\/\/www.slo-grca.si\/en\/o-nas\/#breadcrumb\"},\"inLanguage\":\"en-US\",\"potentialAction\":[{\"@type\":\"ReadAction\",\"target\":[\"https:\/\/www.slo-grca.si\/en\/o-nas\/\"]}]},{\"@type\":\"BreadcrumbList\",\"@id\":\"https:\/\/www.slo-grca.si\/en\/o-nas\/#breadcrumb\",\"itemListElement\":[{\"@type\":\"ListItem\",\"position\":1,\"name\":\"Home\",\"item\":\"https:\/\/www.slo-grca.si\/en\/\"},{\"@type\":\"ListItem\",\"position\":2,\"name\":\"About us\"}]},{\"@type\":\"WebSite\",\"@id\":\"https:\/\/www.slo-grca.si\/en\/#website\",\"url\":\"https:\/\/www.slo-grca.si\/en\/\",\"name\":\"WOODEN FURNITURE COMPONENTS GR\u010cA\",\"description\":\"\",\"potentialAction\":[{\"@type\":\"SearchAction\",\"target\":{\"@type\":\"EntryPoint\",\"urlTemplate\":\"https:\/\/www.slo-grca.si\/en\/?s={search_term_string}\"},\"query-input\":\"required name=search_term_string\"}],\"inLanguage\":\"en-US\"}]}<\/script>\n<!-- \/ Yoast SEO plugin. -->","yoast_head_json":{"title":"About us - WOODEN FURNITURE COMPONENTS GR\u010cA","robots":{"index":"index","follow":"follow","max-snippet":"max-snippet:-1","max-image-preview":"max-image-preview:large","max-video-preview":"max-video-preview:-1"},"canonical":"https:\/\/www.slo-grca.si\/en\/o-nas\/","og_locale":"en_US","og_type":"article","og_title":"About us - WOODEN FURNITURE COMPONENTS GR\u010cA","og_description":"About us O NAS Wooden feet and legs, Wooden furniture components Gr\u010da Family company Gabrov\u0161ek Gr\u010da d.o.o. was established in 1994 with the purpose of reviving solid and quality built parts of furniture and currently employs 11 workers. The company is specialized in production of furniture components such as wooden legs for sofa facings, chairs&hellip;","og_url":"https:\/\/www.slo-grca.si\/en\/o-nas\/","og_site_name":"WOODEN FURNITURE COMPONENTS GR\u010cA","article_modified_time":"2020-04-28T13:03:15+00:00","og_image":[{"url":"https:\/\/www.slo-grca.si\/wp-content\/uploads\/2019\/08\/ffe7a472-15ab-431d-9865-175445fda69b.jpg"}],"twitter_card":"summary_large_image","twitter_misc":{"Est. reading time":"1 minute"},"schema":{"@context":"https:\/\/schema.org","@graph":[{"@type":"WebPage","@id":"https:\/\/www.slo-grca.si\/en\/o-nas\/","url":"https:\/\/www.slo-grca.si\/en\/o-nas\/","name":"About us - WOODEN FURNITURE COMPONENTS GR\u010cA","isPartOf":{"@id":"https:\/\/www.slo-grca.si\/en\/#website"},"datePublished":"2019-08-10T16:43:18+00:00","dateModified":"2020-04-28T13:03:15+00:00","breadcrumb":{"@id":"https:\/\/www.slo-grca.si\/en\/o-nas\/#breadcrumb"},"inLanguage":"en-US","potentialAction":[{"@type":"ReadAction","target":["https:\/\/www.slo-grca.si\/en\/o-nas\/"]}]},{"@type":"BreadcrumbList","@id":"https:\/\/www.slo-grca.si\/en\/o-nas\/#breadcrumb","itemListElement":[{"@type":"ListItem","position":1,"name":"Home","item":"https:\/\/www.slo-grca.si\/en\/"},{"@type":"ListItem","position":2,"name":"About us"}]},{"@type":"WebSite","@id":"https:\/\/www.slo-grca.si\/en\/#website","url":"https:\/\/www.slo-grca.si\/en\/","name":"WOODEN FURNITURE COMPONENTS GR\u010cA","description":"","potentialAction":[{"@type":"SearchAction","target":{"@type":"EntryPoint","urlTemplate":"https:\/\/www.slo-grca.si\/en\/?s={search_term_string}"},"query-input":"required name=search_term_string"}],"inLanguage":"en-US"}]}},"_links":{"self":[{"href":"https:\/\/www.slo-grca.si\/en\/wp-json\/wp\/v2\/pages\/188"}],"collection":[{"href":"https:\/\/www.slo-grca.si\/en\/wp-json\/wp\/v2\/pages"}],"about":[{"href":"https:\/\/www.slo-grca.si\/en\/wp-json\/wp\/v2\/types\/page"}],"author":[{"embeddable":true,"href":"https:\/\/www.slo-grca.si\/en\/wp-json\/wp\/v2\/users\/1"}],"replies":[{"embeddable":true,"href":"https:\/\/www.slo-grca.si\/en\/wp-json\/wp\/v2\/comments?post=188"}],"version-history":[{"count":4,"href":"https:\/\/www.slo-grca.si\/en\/wp-json\/wp\/v2\/pages\/188\/revisions"}],"predecessor-version":[{"id":282,"href":"https:\/\/www.slo-grca.si\/en\/wp-json\/wp\/v2\/pages\/188\/revisions\/282"}],"wp:attachment":[{"href":"https:\/\/www.slo-grca.si\/en\/wp-json\/wp\/v2\/media?parent=188"}],"curies":[{"name":"wp","href":"https:\/\/api.w.org\/{rel}","templated":true}]}}