{"id":190,"date":"2019-08-10T17:44:52","date_gmt":"2019-08-10T16:44:52","guid":{"rendered":"https:\/\/www.slo-grca.si\/wooden-handles-for-cabinets\/"},"modified":"2020-04-28T14:04:19","modified_gmt":"2020-04-28T13:04:19","slug":"rocaji-za-omare-in-obesalnike","status":"publish","type":"page","link":"https:\/\/www.slo-grca.si\/en\/rocaji-za-omare-in-obesalnike\/","title":{"rendered":"Wooden handles for cabinets"},"content":{"rendered":"<h2>\n\t\tWooden handles for cabinets\n\t<\/h2>\n<h3>\n\t\tRO\u010cAJI ZA OMARE IN OBE\u0160ALNIKE\n\t<\/h3>\n<h3><strong> Wooden hangers<br \/>\n<\/strong><\/h3>\n\t\t\t\t<a\n\t\t\thref=\"https:\/\/www.slo-grca.si\/wp-content\/uploads\/2019\/11\/a50e147e-1ddc-4565-b10c-8b757c5339f7.jpg\"\n\t\t\t\t\t\trel=\"nofollow\" data-fancybox=\"images\" \n\t\t\ttitle=\"a50e147e-1ddc-4565-b10c-8b757c5339f7\" \n\t\t\t\t\t\tdata-caption=\"\"\n\t\t\t\t\t\tdata-description=\"\" \n\t\t\titemprop=\"contentUrl\"\n\t\t>\n\t\t<img src=\"https:\/\/www.slo-grca.si\/wp-content\/uploads\/2019\/11\/a50e147e-1ddc-4565-b10c-8b757c5339f7.jpg\" alt=\"\" data-no-lazy=\"1\" itemprop=\"thumbnail\" \/>\n\t\t\t<!-- Overlay Wrapper -->\n\t\t\t <!-- Overlay Wrapper Closed -->\n\t\t\t\t<\/a>\n\t\t\t\t\t\t\t<meta itemprop=\"width\" content=\"600\" \/>\n\t\t\t<meta itemprop=\"height\" content=\"301\" \/>\n\t\t\t\t<a\n\t\t\thref=\"https:\/\/www.slo-grca.si\/wp-content\/uploads\/2019\/11\/41f8cefa-5faf-45e4-91cc-43fc631f5369.jpg\"\n\t\t\t\t\t\trel=\"nofollow\" data-fancybox=\"images\" \n\t\t\ttitle=\"41f8cefa-5faf-45e4-91cc-43fc631f5369\" \n\t\t\t\t\t\tdata-caption=\"\"\n\t\t\t\t\t\tdata-description=\"\" \n\t\t\titemprop=\"contentUrl\"\n\t\t>\n\t\t<img src=\"https:\/\/www.slo-grca.si\/wp-content\/uploads\/2019\/11\/41f8cefa-5faf-45e4-91cc-43fc631f5369.jpg\" alt=\"\" data-no-lazy=\"1\" itemprop=\"thumbnail\" \/>\n\t\t\t<!-- Overlay Wrapper -->\n\t\t\t <!-- Overlay Wrapper Closed -->\n\t\t\t\t<\/a>\n\t\t\t\t\t\t\t<meta itemprop=\"width\" content=\"600\" \/>\n\t\t\t<meta itemprop=\"height\" content=\"299\" \/>\n\t<h3><strong>Wooden handles for cabinets<\/strong><\/h3>\n\t\t\t\t<a\n\t\t\thref=\"https:\/\/www.slo-grca.si\/wp-content\/uploads\/2019\/11\/aec3836e-1db4-4cef-8ee5-6a22ce57feca.jpg\"\n\t\t\t\t\t\trel=\"nofollow\" data-fancybox=\"images\" \n\t\t\ttitle=\"aec3836e-1db4-4cef-8ee5-6a22ce57feca\" \n\t\t\t\t\t\tdata-caption=\"\"\n\t\t\t\t\t\tdata-description=\"\" \n\t\t\titemprop=\"contentUrl\"\n\t\t>\n\t\t<img src=\"https:\/\/www.slo-grca.si\/wp-content\/uploads\/2019\/11\/aec3836e-1db4-4cef-8ee5-6a22ce57feca.jpg\" alt=\"\" data-no-lazy=\"1\" itemprop=\"thumbnail\" \/>\n\t\t\t<!-- Overlay Wrapper -->\n\t\t\t <!-- Overlay Wrapper Closed -->\n\t\t\t\t<\/a>\n\t\t\t\t\t\t\t<meta itemprop=\"width\" content=\"900\" \/>\n\t\t\t<meta itemprop=\"height\" content=\"410\" \/>\n\t\t<h2>Contact \/ Inquiry<\/h2>\n\t\t<p>Send us a message and we&#8217;ll reply as soon as possible!<\/p>\n\t\t\t<a href=\"https:\/\/www.slo-grca.si\/en\/kontakt\/\" target=\"_self\" role=\"button\" rel=\"noopener noreferrer\">\n\t\t\t\t\t\t\tCONTACT\n\t\t\t\t\t<\/a>\n","protected":false},"excerpt":{"rendered":"<p>Wooden handles for cabinets RO\u010cAJI ZA OMARE IN OBE\u0160ALNIKE Wooden hangers Wooden handles for cabinets Contact \/ Inquiry Send us a message and we&#8217;ll reply as soon as possible! CONTACT<\/p>\n","protected":false},"author":1,"featured_media":0,"parent":0,"menu_order":0,"comment_status":"closed","ping_status":"closed","template":"","meta":[],"yoast_head":"<!-- This site is optimized with the Yoast SEO plugin v19.7.2 - https:\/\/yoast.com\/wordpress\/plugins\/seo\/ -->\n<title>Wooden handles for cabinets - WOODEN FURNITURE COMPONENTS GR\u010cA<\/title>\n<meta name=\"robots\" content=\"index, follow, max-snippet:-1, max-image-preview:large, max-video-preview:-1\" \/>\n<link rel=\"canonical\" href=\"https:\/\/www.slo-grca.si\/en\/rocaji-za-omare-in-obesalnike\/\" \/>\n<meta property=\"og:locale\" content=\"en_US\" \/>\n<meta property=\"og:type\" content=\"article\" \/>\n<meta property=\"og:title\" content=\"Wooden handles for cabinets - WOODEN FURNITURE COMPONENTS GR\u010cA\" \/>\n<meta property=\"og:description\" content=\"Wooden handles for cabinets RO\u010cAJI ZA OMARE IN OBE\u0160ALNIKE Wooden hangers Wooden handles for cabinets Contact \/ Inquiry Send us a message and we&#8217;ll reply as soon as possible! CONTACT\" \/>\n<meta property=\"og:url\" content=\"https:\/\/www.slo-grca.si\/en\/rocaji-za-omare-in-obesalnike\/\" \/>\n<meta property=\"og:site_name\" content=\"WOODEN FURNITURE COMPONENTS GR\u010cA\" \/>\n<meta property=\"article:modified_time\" content=\"2020-04-28T13:04:19+00:00\" \/>\n<meta property=\"og:image\" content=\"https:\/\/www.slo-grca.si\/wp-content\/uploads\/2019\/11\/a50e147e-1ddc-4565-b10c-8b757c5339f7.jpg\" \/>\n<meta name=\"twitter:card\" content=\"summary_large_image\" \/>\n<script type=\"application\/ld+json\" class=\"yoast-schema-graph\">{\"@context\":\"https:\/\/schema.org\",\"@graph\":[{\"@type\":\"WebPage\",\"@id\":\"https:\/\/www.slo-grca.si\/en\/rocaji-za-omare-in-obesalnike\/\",\"url\":\"https:\/\/www.slo-grca.si\/en\/rocaji-za-omare-in-obesalnike\/\",\"name\":\"Wooden handles for cabinets - WOODEN FURNITURE COMPONENTS GR\u010cA\",\"isPartOf\":{\"@id\":\"https:\/\/www.slo-grca.si\/en\/#website\"},\"datePublished\":\"2019-08-10T16:44:52+00:00\",\"dateModified\":\"2020-04-28T13:04:19+00:00\",\"breadcrumb\":{\"@id\":\"https:\/\/www.slo-grca.si\/en\/rocaji-za-omare-in-obesalnike\/#breadcrumb\"},\"inLanguage\":\"en-US\",\"potentialAction\":[{\"@type\":\"ReadAction\",\"target\":[\"https:\/\/www.slo-grca.si\/en\/rocaji-za-omare-in-obesalnike\/\"]}]},{\"@type\":\"BreadcrumbList\",\"@id\":\"https:\/\/www.slo-grca.si\/en\/rocaji-za-omare-in-obesalnike\/#breadcrumb\",\"itemListElement\":[{\"@type\":\"ListItem\",\"position\":1,\"name\":\"Home\",\"item\":\"https:\/\/www.slo-grca.si\/en\/\"},{\"@type\":\"ListItem\",\"position\":2,\"name\":\"Wooden handles for cabinets\"}]},{\"@type\":\"WebSite\",\"@id\":\"https:\/\/www.slo-grca.si\/en\/#website\",\"url\":\"https:\/\/www.slo-grca.si\/en\/\",\"name\":\"WOODEN FURNITURE COMPONENTS GR\u010cA\",\"description\":\"\",\"potentialAction\":[{\"@type\":\"SearchAction\",\"target\":{\"@type\":\"EntryPoint\",\"urlTemplate\":\"https:\/\/www.slo-grca.si\/en\/?s={search_term_string}\"},\"query-input\":\"required name=search_term_string\"}],\"inLanguage\":\"en-US\"}]}<\/script>\n<!-- \/ Yoast SEO plugin. -->","yoast_head_json":{"title":"Wooden handles for cabinets - WOODEN FURNITURE COMPONENTS GR\u010cA","robots":{"index":"index","follow":"follow","max-snippet":"max-snippet:-1","max-image-preview":"max-image-preview:large","max-video-preview":"max-video-preview:-1"},"canonical":"https:\/\/www.slo-grca.si\/en\/rocaji-za-omare-in-obesalnike\/","og_locale":"en_US","og_type":"article","og_title":"Wooden handles for cabinets - WOODEN FURNITURE COMPONENTS GR\u010cA","og_description":"Wooden handles for cabinets RO\u010cAJI ZA OMARE IN OBE\u0160ALNIKE Wooden hangers Wooden handles for cabinets Contact \/ Inquiry Send us a message and we&#8217;ll reply as soon as possible! CONTACT","og_url":"https:\/\/www.slo-grca.si\/en\/rocaji-za-omare-in-obesalnike\/","og_site_name":"WOODEN FURNITURE COMPONENTS GR\u010cA","article_modified_time":"2020-04-28T13:04:19+00:00","og_image":[{"url":"https:\/\/www.slo-grca.si\/wp-content\/uploads\/2019\/11\/a50e147e-1ddc-4565-b10c-8b757c5339f7.jpg"}],"twitter_card":"summary_large_image","schema":{"@context":"https:\/\/schema.org","@graph":[{"@type":"WebPage","@id":"https:\/\/www.slo-grca.si\/en\/rocaji-za-omare-in-obesalnike\/","url":"https:\/\/www.slo-grca.si\/en\/rocaji-za-omare-in-obesalnike\/","name":"Wooden handles for cabinets - WOODEN FURNITURE COMPONENTS GR\u010cA","isPartOf":{"@id":"https:\/\/www.slo-grca.si\/en\/#website"},"datePublished":"2019-08-10T16:44:52+00:00","dateModified":"2020-04-28T13:04:19+00:00","breadcrumb":{"@id":"https:\/\/www.slo-grca.si\/en\/rocaji-za-omare-in-obesalnike\/#breadcrumb"},"inLanguage":"en-US","potentialAction":[{"@type":"ReadAction","target":["https:\/\/www.slo-grca.si\/en\/rocaji-za-omare-in-obesalnike\/"]}]},{"@type":"BreadcrumbList","@id":"https:\/\/www.slo-grca.si\/en\/rocaji-za-omare-in-obesalnike\/#breadcrumb","itemListElement":[{"@type":"ListItem","position":1,"name":"Home","item":"https:\/\/www.slo-grca.si\/en\/"},{"@type":"ListItem","position":2,"name":"Wooden handles for cabinets"}]},{"@type":"WebSite","@id":"https:\/\/www.slo-grca.si\/en\/#website","url":"https:\/\/www.slo-grca.si\/en\/","name":"WOODEN FURNITURE COMPONENTS GR\u010cA","description":"","potentialAction":[{"@type":"SearchAction","target":{"@type":"EntryPoint","urlTemplate":"https:\/\/www.slo-grca.si\/en\/?s={search_term_string}"},"query-input":"required name=search_term_string"}],"inLanguage":"en-US"}]}},"_links":{"self":[{"href":"https:\/\/www.slo-grca.si\/en\/wp-json\/wp\/v2\/pages\/190"}],"collection":[{"href":"https:\/\/www.slo-grca.si\/en\/wp-json\/wp\/v2\/pages"}],"about":[{"href":"https:\/\/www.slo-grca.si\/en\/wp-json\/wp\/v2\/types\/page"}],"author":[{"embeddable":true,"href":"https:\/\/www.slo-grca.si\/en\/wp-json\/wp\/v2\/users\/1"}],"replies":[{"embeddable":true,"href":"https:\/\/www.slo-grca.si\/en\/wp-json\/wp\/v2\/comments?post=190"}],"version-history":[{"count":4,"href":"https:\/\/www.slo-grca.si\/en\/wp-json\/wp\/v2\/pages\/190\/revisions"}],"predecessor-version":[{"id":286,"href":"https:\/\/www.slo-grca.si\/en\/wp-json\/wp\/v2\/pages\/190\/revisions\/286"}],"wp:attachment":[{"href":"https:\/\/www.slo-grca.si\/en\/wp-json\/wp\/v2\/media?parent=190"}],"curies":[{"name":"wp","href":"https:\/\/api.w.org\/{rel}","templated":true}]}}