{"id":193,"date":"2019-08-10T17:44:01","date_gmt":"2019-08-10T16:44:01","guid":{"rendered":"https:\/\/www.slo-grca.si\/privacy-statement\/"},"modified":"2020-04-28T13:44:37","modified_gmt":"2020-04-28T12:44:37","slug":"izjava-o-varovanju-osebnih-podatkov","status":"publish","type":"page","link":"https:\/\/www.slo-grca.si\/en\/izjava-o-varovanju-osebnih-podatkov\/","title":{"rendered":"Privacy statement"},"content":{"rendered":"\n<h1>Izjava o varovanju osebnih podatkov<\/h1>\n<h3>\n<strong>Splo\u0161no o varovanju zasebnosti:<\/strong><\/h3>\n<p>Podjetje Gabrov\u0161ek-Gr\u010da d.o.o., Kamnogori\u0161ka cesta 60, 1000 Ljubljana, e-mail:<a href=\"mailto:%20info@slo-grca.si\">\u00a0info@slo-grca.si,<\/a>\u00a0tel.:\u00a0<strong>+386(1)5103950,<\/strong>\u00a0kot upravljalec osebnih podatkov, ki jih pridobi pri svojem poslovanju, z njimi ravna z vso potrebno skrbnostjo in v skladu z zakoni in predpisi, ki opredeljujejo varovanje osebnih podatkov, zlasti v skladu z vsakokrat veljavnim Zakonom o varstvu osebnih podatkov, Zakonom o elektronskih komunikacijah ter Splo\u0161no uredbo EU o varstvu podatkov.<\/p>\nZavezujemo se, da\u00a0bodo pridobljeni osebni podatki uporabljeni zgolj za namene, za katere so bili posredovani in v skladu s to Izjavo o varstvu osebnih podatkov ter da va\u0161ih osebnih podatkov ne \u00a0bomo posredovali tretjim osebam, razen v zakonsko dolo\u010denih primerih. V skladu z na\u010delom sorazmernosti zbiramo in obdelujemo zgolj tiste osebne podatke uporabnika, ki so nujne za nemoteno poslovanje.<br \/>\n<strong>Obisk spletne strani &#8211; pi\u0161kotki:<\/strong>\n<p>Ob vsakem obisku spletne strani<a href=\"https:\/\/www.slo-grca.si\/\">\u00a0www.slo-grca.si<\/a>\u00a0se o va\u0161em obisku zbirajo podatki le z uporabo pi\u0161kotkov. Pi\u0161kotki so majhne datoteke, ki nam dajejo podatke o tem, kolikokrat posameznik obi\u0161\u010de na\u0161o spletno stran in kaj ga pri tem zanima. Pi\u0161kotki sami ne vsebujejo nobenih podatkov, ki bi omogo\u010dili identifikacijo posameznika. Vedno imate mo\u017enost, da pi\u0161kotke sprejmete ali zavrnete. Ve\u010dina spletnih brskalnikov samodejno sprejme pi\u0161kotke, kar lahko spremenite v nastavitvah tako, da ra\u010dunalnik pi\u0161kotke zavrne ali pa da prejmete opozorilo preden se pi\u0161kotek shrani. Tako zbranih podatkov ne obdelujemo posebej in se jih ne povezuje z drugimi podatki.<\/p>\n<h3>Po\u0161iljanje povpra\u0161evanja:<\/h3>\n<p>Na na\u0161i spletni strani lahko izpolnite spletni obrazec, s katerim oddate va\u0161e povpra\u0161evanje za na\u0161e storitve. V ta namen podjetje od vas zbira naslednje podatke, ki jih posredujete na prostovoljen na\u010din:<\/p>\n<ul>\n<li>ime,<\/li>\n<li>e-naslov,<\/li>\n<li>zadeva,<\/li>\n<li>podatki o vsebini va\u0161ega povpra\u0161evanja.<\/li>\n<\/ul>\n<p>Tako pridobljeni podatki se bodo uporabili za odgovor na va\u0161e povpra\u0161evanje oz. pripravo ponudbe in sklenitev pogodbe. \u010ce nam teh podatkov ne \u017eelite posredovati, vam ne moremo poslati ponudbe ali z vami skleniti pogodbe. Va\u0161e podatke, ki nam jih posredujete na podlagi izpolnitve kontaktnega podatka, lahko uporabljamo za namen na\u0161e interne administracije in vodenja na\u0161ega poslovanja.<\/p>\n<h3>Uporabniki va\u0161ih podatkov:<\/h3>\n<p>Vsi pridobljeni podatki, ki jih bomo od vas pridobili, bodo uporabljeni v skladu z nameni, za katere so bili zbrani in ne bodo posredovani tretjim osebam brez va\u0161e privolitve.<\/p>\n<p>V okviru zakonskih pristojnosti se va\u0161i osebni podatki lahko razkrivajo naslednjim uporabnikom podatkov:<\/p>\n<ul>\n<li>ponudnikom po\u0161tnih storitev, ponudnikom odpremnih storitev, ponudnikom storitev uni\u010denja spisov in nosilcev podatkov;<\/li>\n<li>ponudnikom storitev informacijske tehnologije v okviru servisiranja in vzdr\u017eevanja programske opreme;<\/li>\n<li>ponudnikom storitev ra\u010dunalni\u0161tva v oblaku,<\/li>\n<li>administratorju in skrbniku spletne strani.<\/li>\n<\/ul>\n<p>&nbsp;<\/p>\n<h3>Obdobje hrambe:<\/h3>\n<p>Zagotavljamo vam, da va\u0161e podatke hranimo le toliko \u010dasa, kolikor je potrebno, da se izpolni namen, zaradi katerega so bili posamezni podatki zbrani in nadalje uporabljeni, in sicer:<\/p>\n<ul>\n<li>za podatke Google Analytics velja Pravilnik o zasebnosti Google, ki je dostopen na spletni strani \u00a0<a href=\"http:\/\/www.google.com\/policies\/privacy\/\" target=\"_self\" rel=\"noopener noreferrer\">http:\/\/www.google.com\/policies\/privacy\/<\/a><\/li>\n<li>podatki o povpra\u0161evanju in ponudbi se hranijo do preklica,<\/li>\n<li>vsi podatki v zvezi s poslovnim sodelovanjem in sklenjenimi pogodbami se hranijo v skladu z zahtevami zakonodaje in sklenjenimi pogodbami.<\/li>\n<\/ul>\n<p>&nbsp;<\/p>\n<h3>Va\u0161e pravice:<\/h3>\n<p>Uporabnik ima v skladu z veljavno zakonodajo in Uredbo EU (2016\/679) pravico zahtevati: dostop oz. seznanitev, popravek, izbris ali omejitev obdelave za svoje osebne podatke, ki so predmet obdelave pri obdelovalcu. Prav tako ima uporabnik pravico podati ugovor o obdelavi in pravico do prenosljivosti svojih osebnih podatkov. Kakr\u0161na koli vpra\u0161anja v povezavi z varovanjem osebnih podatkov na spletni strani www.slo-grca.si pa lahko naslovi tudi na na\u0161 elektronski naslov ali preko kontaktnega obrazca.<\/p>\n<p>Vsak posameznik lahko v primeru, da meni, da so mu z na\u0161e strani kakorkoli kr\u0161ene pravice z naslova varstva njegovih osebnih podatkov, kadarkoli poda prito\u017ebo pri nadzornemu organu \u2013 Informacijskemu poobla\u0161\u010dencu v Republiki Sloveniji: Informacijski poobla\u0161\u010denec, Zalo\u0161ka 59, 1000 Ljubljana, R. Slovenija,\u00a0<a href=\"https:\/\/www.ip-rs.si\/\" target=\"_blank\" rel=\"noopener noreferrer\">https:\/\/www.ip-rs.si\u00a0<\/a>Storili bomo vse, kar je v na\u0161i mo\u010di, da posamezniku pomagamo pri uveljavljanju svojih pravic.<\/p>\n","protected":false},"excerpt":{"rendered":"<p>Izjava o varovanju osebnih podatkov Splo\u0161no o varovanju zasebnosti: Podjetje Gabrov\u0161ek-Gr\u010da d.o.o., Kamnogori\u0161ka cesta 60, 1000 Ljubljana, e-mail:\u00a0info@slo-grca.si,\u00a0tel.:\u00a0+386(1)5103950,\u00a0kot upravljalec osebnih podatkov, ki jih pridobi pri svojem poslovanju, z njimi ravna z vso potrebno skrbnostjo in v skladu z zakoni in predpisi, ki opredeljujejo varovanje osebnih podatkov, zlasti v skladu z vsakokrat veljavnim Zakonom o varstvu&hellip;<\/p>\n","protected":false},"author":1,"featured_media":0,"parent":0,"menu_order":0,"comment_status":"closed","ping_status":"closed","template":"","meta":[],"yoast_head":"<!-- This site is optimized with the Yoast SEO plugin v19.7.2 - https:\/\/yoast.com\/wordpress\/plugins\/seo\/ -->\n<title>Privacy statement - WOODEN FURNITURE COMPONENTS GR\u010cA<\/title>\n<meta name=\"robots\" content=\"index, follow, max-snippet:-1, max-image-preview:large, max-video-preview:-1\" \/>\n<link rel=\"canonical\" href=\"https:\/\/www.slo-grca.si\/en\/izjava-o-varovanju-osebnih-podatkov\/\" \/>\n<meta property=\"og:locale\" content=\"en_US\" \/>\n<meta property=\"og:type\" content=\"article\" \/>\n<meta property=\"og:title\" content=\"Privacy statement - WOODEN FURNITURE COMPONENTS GR\u010cA\" \/>\n<meta property=\"og:description\" content=\"Izjava o varovanju osebnih podatkov Splo\u0161no o varovanju zasebnosti: Podjetje Gabrov\u0161ek-Gr\u010da d.o.o., Kamnogori\u0161ka cesta 60, 1000 Ljubljana, e-mail:\u00a0info@slo-grca.si,\u00a0tel.:\u00a0+386(1)5103950,\u00a0kot upravljalec osebnih podatkov, ki jih pridobi pri svojem poslovanju, z njimi ravna z vso potrebno skrbnostjo in v skladu z zakoni in predpisi, ki opredeljujejo varovanje osebnih podatkov, zlasti v skladu z vsakokrat veljavnim Zakonom o varstvu&hellip;\" \/>\n<meta property=\"og:url\" content=\"https:\/\/www.slo-grca.si\/en\/izjava-o-varovanju-osebnih-podatkov\/\" \/>\n<meta property=\"og:site_name\" content=\"WOODEN FURNITURE COMPONENTS GR\u010cA\" \/>\n<meta property=\"article:modified_time\" content=\"2020-04-28T12:44:37+00:00\" \/>\n<meta name=\"twitter:card\" content=\"summary_large_image\" \/>\n<meta name=\"twitter:label1\" content=\"Est. reading time\" \/>\n\t<meta name=\"twitter:data1\" content=\"3 minutes\" \/>\n<script type=\"application\/ld+json\" class=\"yoast-schema-graph\">{\"@context\":\"https:\/\/schema.org\",\"@graph\":[{\"@type\":\"WebPage\",\"@id\":\"https:\/\/www.slo-grca.si\/en\/izjava-o-varovanju-osebnih-podatkov\/\",\"url\":\"https:\/\/www.slo-grca.si\/en\/izjava-o-varovanju-osebnih-podatkov\/\",\"name\":\"Privacy statement - WOODEN FURNITURE COMPONENTS GR\u010cA\",\"isPartOf\":{\"@id\":\"https:\/\/www.slo-grca.si\/en\/#website\"},\"datePublished\":\"2019-08-10T16:44:01+00:00\",\"dateModified\":\"2020-04-28T12:44:37+00:00\",\"breadcrumb\":{\"@id\":\"https:\/\/www.slo-grca.si\/en\/izjava-o-varovanju-osebnih-podatkov\/#breadcrumb\"},\"inLanguage\":\"en-US\",\"potentialAction\":[{\"@type\":\"ReadAction\",\"target\":[\"https:\/\/www.slo-grca.si\/en\/izjava-o-varovanju-osebnih-podatkov\/\"]}]},{\"@type\":\"BreadcrumbList\",\"@id\":\"https:\/\/www.slo-grca.si\/en\/izjava-o-varovanju-osebnih-podatkov\/#breadcrumb\",\"itemListElement\":[{\"@type\":\"ListItem\",\"position\":1,\"name\":\"Home\",\"item\":\"https:\/\/www.slo-grca.si\/en\/\"},{\"@type\":\"ListItem\",\"position\":2,\"name\":\"Privacy statement\"}]},{\"@type\":\"WebSite\",\"@id\":\"https:\/\/www.slo-grca.si\/en\/#website\",\"url\":\"https:\/\/www.slo-grca.si\/en\/\",\"name\":\"WOODEN FURNITURE COMPONENTS GR\u010cA\",\"description\":\"\",\"potentialAction\":[{\"@type\":\"SearchAction\",\"target\":{\"@type\":\"EntryPoint\",\"urlTemplate\":\"https:\/\/www.slo-grca.si\/en\/?s={search_term_string}\"},\"query-input\":\"required name=search_term_string\"}],\"inLanguage\":\"en-US\"}]}<\/script>\n<!-- \/ Yoast SEO plugin. -->","yoast_head_json":{"title":"Privacy statement - WOODEN FURNITURE COMPONENTS GR\u010cA","robots":{"index":"index","follow":"follow","max-snippet":"max-snippet:-1","max-image-preview":"max-image-preview:large","max-video-preview":"max-video-preview:-1"},"canonical":"https:\/\/www.slo-grca.si\/en\/izjava-o-varovanju-osebnih-podatkov\/","og_locale":"en_US","og_type":"article","og_title":"Privacy statement - WOODEN FURNITURE COMPONENTS GR\u010cA","og_description":"Izjava o varovanju osebnih podatkov Splo\u0161no o varovanju zasebnosti: Podjetje Gabrov\u0161ek-Gr\u010da d.o.o., Kamnogori\u0161ka cesta 60, 1000 Ljubljana, e-mail:\u00a0info@slo-grca.si,\u00a0tel.:\u00a0+386(1)5103950,\u00a0kot upravljalec osebnih podatkov, ki jih pridobi pri svojem poslovanju, z njimi ravna z vso potrebno skrbnostjo in v skladu z zakoni in predpisi, ki opredeljujejo varovanje osebnih podatkov, zlasti v skladu z vsakokrat veljavnim Zakonom o varstvu&hellip;","og_url":"https:\/\/www.slo-grca.si\/en\/izjava-o-varovanju-osebnih-podatkov\/","og_site_name":"WOODEN FURNITURE COMPONENTS GR\u010cA","article_modified_time":"2020-04-28T12:44:37+00:00","twitter_card":"summary_large_image","twitter_misc":{"Est. reading time":"3 minutes"},"schema":{"@context":"https:\/\/schema.org","@graph":[{"@type":"WebPage","@id":"https:\/\/www.slo-grca.si\/en\/izjava-o-varovanju-osebnih-podatkov\/","url":"https:\/\/www.slo-grca.si\/en\/izjava-o-varovanju-osebnih-podatkov\/","name":"Privacy statement - WOODEN FURNITURE COMPONENTS GR\u010cA","isPartOf":{"@id":"https:\/\/www.slo-grca.si\/en\/#website"},"datePublished":"2019-08-10T16:44:01+00:00","dateModified":"2020-04-28T12:44:37+00:00","breadcrumb":{"@id":"https:\/\/www.slo-grca.si\/en\/izjava-o-varovanju-osebnih-podatkov\/#breadcrumb"},"inLanguage":"en-US","potentialAction":[{"@type":"ReadAction","target":["https:\/\/www.slo-grca.si\/en\/izjava-o-varovanju-osebnih-podatkov\/"]}]},{"@type":"BreadcrumbList","@id":"https:\/\/www.slo-grca.si\/en\/izjava-o-varovanju-osebnih-podatkov\/#breadcrumb","itemListElement":[{"@type":"ListItem","position":1,"name":"Home","item":"https:\/\/www.slo-grca.si\/en\/"},{"@type":"ListItem","position":2,"name":"Privacy statement"}]},{"@type":"WebSite","@id":"https:\/\/www.slo-grca.si\/en\/#website","url":"https:\/\/www.slo-grca.si\/en\/","name":"WOODEN FURNITURE COMPONENTS GR\u010cA","description":"","potentialAction":[{"@type":"SearchAction","target":{"@type":"EntryPoint","urlTemplate":"https:\/\/www.slo-grca.si\/en\/?s={search_term_string}"},"query-input":"required name=search_term_string"}],"inLanguage":"en-US"}]}},"_links":{"self":[{"href":"https:\/\/www.slo-grca.si\/en\/wp-json\/wp\/v2\/pages\/193"}],"collection":[{"href":"https:\/\/www.slo-grca.si\/en\/wp-json\/wp\/v2\/pages"}],"about":[{"href":"https:\/\/www.slo-grca.si\/en\/wp-json\/wp\/v2\/types\/page"}],"author":[{"embeddable":true,"href":"https:\/\/www.slo-grca.si\/en\/wp-json\/wp\/v2\/users\/1"}],"replies":[{"embeddable":true,"href":"https:\/\/www.slo-grca.si\/en\/wp-json\/wp\/v2\/comments?post=193"}],"version-history":[{"count":2,"href":"https:\/\/www.slo-grca.si\/en\/wp-json\/wp\/v2\/pages\/193\/revisions"}],"predecessor-version":[{"id":255,"href":"https:\/\/www.slo-grca.si\/en\/wp-json\/wp\/v2\/pages\/193\/revisions\/255"}],"wp:attachment":[{"href":"https:\/\/www.slo-grca.si\/en\/wp-json\/wp\/v2\/media?parent=193"}],"curies":[{"name":"wp","href":"https:\/\/api.w.org\/{rel}","templated":true}]}}